{"id":8112,"date":"2026-04-16T23:18:51","date_gmt":"2026-04-16T21:18:51","guid":{"rendered":"https:\/\/istitutosuperioresezze.edu.it\/scuola\/?page_id=8112"},"modified":"2026-04-24T10:47:44","modified_gmt":"2026-04-24T08:47:44","slug":"potenziamento-e-recupero-apprendimenti","status":"publish","type":"page","link":"https:\/\/istitutosuperioresezze.edu.it\/scuola\/potenziamento-e-recupero-apprendimenti\/","title":{"rendered":"Potenziamento e recupero apprendimenti"},"content":{"rendered":"<p>Attivit\u00e0 formativa per gli studenti\u00a0 che avranno il debito formativo allo scrutinio di giugno. L&#8217;attivit\u00e0 \u00e8 in favore degli studenti di tutti gli indirizzi e preveder\u00e0 l\u2019erogazione di percorsi di potenziamento delle competenze di base volte a sanare le lacune e le mancanze negli apprendimenti.<\/p>\n<p>.<\/p>\n<p><strong>Ciascun percorso viene erogato in presenza da almeno un docente o esperto in possesso di\u00a0<\/strong><strong>specifiche competenze, in orari diversi da quelli di frequenza scolastica.<\/strong><\/p>\n<p>&nbsp;<\/p>\n","protected":false},"excerpt":{"rendered":"<p>Attivit\u00e0 formativa per gli studenti\u00a0 che avranno il debito formativo allo scrutinio di giugno. L&#8217;attivit\u00e0 \u00e8 in favore degli studenti di tutti gli indirizzi e preveder\u00e0 l\u2019erogazione di percorsi di potenziamento delle competenze di base volte [&hellip;]<\/p>\n","protected":false},"author":9,"featured_media":8123,"parent":0,"menu_order":0,"comment_status":"closed","ping_status":"closed","template":"","meta":{"footnotes":""},"tags":[],"class_list":["post-8112","page","type-page","status-publish","has-post-thumbnail","hentry"],"_links":{"self":[{"href":"https:\/\/istitutosuperioresezze.edu.it\/scuola\/wp-json\/wp\/v2\/pages\/8112","targetHints":{"allow":["GET"]}}],"collection":[{"href":"https:\/\/istitutosuperioresezze.edu.it\/scuola\/wp-json\/wp\/v2\/pages"}],"about":[{"href":"https:\/\/istitutosuperioresezze.edu.it\/scuola\/wp-json\/wp\/v2\/types\/page"}],"author":[{"embeddable":true,"href":"https:\/\/istitutosuperioresezze.edu.it\/scuola\/wp-json\/wp\/v2\/users\/9"}],"replies":[{"embeddable":true,"href":"https:\/\/istitutosuperioresezze.edu.it\/scuola\/wp-json\/wp\/v2\/comments?post=8112"}],"version-history":[{"count":7,"href":"https:\/\/istitutosuperioresezze.edu.it\/scuola\/wp-json\/wp\/v2\/pages\/8112\/revisions"}],"predecessor-version":[{"id":8262,"href":"https:\/\/istitutosuperioresezze.edu.it\/scuola\/wp-json\/wp\/v2\/pages\/8112\/revisions\/8262"}],"wp:featuredmedia":[{"embeddable":true,"href":"https:\/\/istitutosuperioresezze.edu.it\/scuola\/wp-json\/wp\/v2\/media\/8123"}],"wp:attachment":[{"href":"https:\/\/istitutosuperioresezze.edu.it\/scuola\/wp-json\/wp\/v2\/media?parent=8112"}],"wp:term":[{"taxonomy":"post_tag","embeddable":true,"href":"https:\/\/istitutosuperioresezze.edu.it\/scuola\/wp-json\/wp\/v2\/tags?post=8112"}],"curies":[{"name":"wp","href":"https:\/\/api.w.org\/{rel}","templated":true}]}}